{"id":1940,"date":"2018-09-27T15:00:30","date_gmt":"2018-09-27T15:00:30","guid":{"rendered":"http:\/\/clover.phil-lab.ca\/?page_id=1940"},"modified":"2018-11-21T15:35:09","modified_gmt":"2018-11-21T15:35:09","slug":"our-partners","status":"publish","type":"page","link":"https:\/\/www.famillescloverdale.org\/en\/our-partners\/","title":{"rendered":"Our Partners"},"content":{"rendered":"<p>[et_pb_section bb_built=&#8221;1&#8243; _builder_version=&#8221;3.11&#8243; background_image=&#8221;http:\/\/www.famillescloverdale.org\/wp-content\/uploads\/h-partenaires.jpg&#8221; bottom_divider_style=&#8221;asymmetric2&#8243; bottom_divider_height=&#8221;60px&#8221; next_background_color=&#8221;#ffffff&#8221;][et_pb_row make_fullwidth=&#8221;on&#8221; _builder_version=&#8221;3.11&#8243;][et_pb_column type=&#8221;1_4&#8243;][\/et_pb_column][et_pb_column type=&#8221;1_2&#8243;][et_pb_text admin_label=&#8221;Our Partners&#8221; module_class=&#8221;vertical-align&#8221; _builder_version=&#8221;3.17.6&#8243; text_font_size=&#8221;30px&#8221; text_text_shadow_style=&#8221;preset1&#8243; background_layout=&#8221;dark&#8221; custom_css_main_element=&#8221;height:300px;&#8221;]<\/p>\n<h1 style=\"text-align: center;\"><strong>Our Partners<\/strong><\/h1>\n<p>[\/et_pb_text][\/et_pb_column][et_pb_column type=&#8221;1_4&#8243;][\/et_pb_column][\/et_pb_row][\/et_pb_section][et_pb_section bb_built=&#8221;1&#8243; _builder_version=&#8221;3.0.47&#8243; prev_background_color=&#8221;#000000&#8243;][et_pb_row custom_padding=&#8221;38.3906px|0px|0|0px|false|false&#8221; _builder_version=&#8221;3.0.48&#8243; background_size=&#8221;initial&#8221; background_position=&#8221;top_left&#8221; background_repeat=&#8221;repeat&#8221;][et_pb_column type=&#8221;1_4&#8243;][\/et_pb_column][et_pb_column type=&#8221;1_2&#8243;][et_pb_text admin_label=&#8221;In order to&#8230;.&#8221; _builder_version=&#8221;3.17.6&#8243;]<\/p>\n<p style=\"text-align: center;\">In order to better serve families, we work in collaboration with partners from different sectors. Thank you to our partners for allowing us to enrich our services!<\/p>\n<p>[\/et_pb_text][\/et_pb_column][et_pb_column type=&#8221;1_4&#8243;][\/et_pb_column][\/et_pb_row][et_pb_row _builder_version=&#8221;3.0.48&#8243; background_size=&#8221;initial&#8221; background_position=&#8221;top_left&#8221; background_repeat=&#8221;repeat&#8221;][et_pb_column type=&#8221;1_2&#8243;][et_pb_text admin_label=&#8221;List of orgs&#8221; _builder_version=&#8221;3.17.6&#8243;]<\/p>\n<p>AHGCQ-Association des haltes-garderies communautaires du Qu\u00e9bec<br \/>Arrondissement Pierrefonds \u2013 Roxboro<br \/>AJOI<br \/>Bonhomme \u00e0 lunettes<br \/>Born to read \/ Le go\u00fbt de lire<br \/>CALACS de l\u2019Ouest-de-l\u2019\u00cele<br \/>Centre D\u2019Action B\u00e9n\u00e9vole Ouest-de-l\u2019\u00cele<br \/>CIMOI<br \/>CIUSS- Ouest-de-l\u2019\u00cele<br \/>CODI<br \/>CSMB- \u00c9ducation des Adultes<br \/>Coll\u00e8ge LaSalle<br \/>Coll\u00e8ge Valleyfield<br \/>Coop\u00e9rative d\u2019habitation Village Cloverdale<br \/>Daana<br \/>\u00c9cole primaire Bois-de-Liesse<br \/>\u00c9cole primaire Dollard-des-Ormeaux<br \/>\u00c9cole primaire du Grand-Ch\u00eane<br \/>\u00c9cole primaire Harfang-des-Neiges<br \/>\u00c9cole primaire Lalande<br \/>\u00c9cole primaire Murielle-Dumont<br \/>\u00c9cole primaire Perce-Neige<\/p>\n<p>[\/et_pb_text][\/et_pb_column][et_pb_column type=&#8221;1_2&#8243;][et_pb_text admin_label=&#8221;List of orgs&#8221; _builder_version=&#8221;3.17.6&#8243;]<\/p>\n<p>\u00c9cole primaire St-G\u00e9rard<br \/>\u00c9co-quartier Pierrefonds-Roxboro<br \/>Envol<br \/>Familles 1,2,3 Go !<br \/>Fonds d\u2019aide de l\u2019Ouest-de-l\u2019\u00cele<br \/>FRP Canada<br \/>GUEPE<br \/>Grandir ensemble<br \/>Horizon 0-5<br \/>Imagine Canada<br \/>Institut de natation de Montr\u00e9al<br \/>Jeunes musiciens du monde<br \/>Maison des Jeunes \u00c0-Ma-Baie<br \/>Merck Frosst Canada<br \/>M. le d\u00e9put\u00e9 Frank Baylis<br \/>R\u00e9seau r\u00e9ussite Montr\u00e9al<br \/>SPVM<br \/>TCEFJOI-Table Enfance-Famille-Jeunesse de l\u2019Ouest-de-l\u2019\u00cele<br \/>TQNOIM-Table de quartier du Nord-Ouest de Montr\u00e9al<br \/>Universit\u00e9 de Montr\u00e9al<br \/>Universit\u00e9 McGill<br \/>Ville de Dollard-des-Ormeaux<\/p>\n<p>[\/et_pb_text][\/et_pb_column][\/et_pb_row][\/et_pb_section]<\/p>\n","protected":false},"excerpt":{"rendered":"<p>Our Partners In order to better serve families, we work in collaboration with partners from different sectors. Thank you to our partners for allowing us to enrich our services! AHGCQ-Association des haltes-garderies communautaires du Qu\u00e9becArrondissement Pierrefonds \u2013 RoxboroAJOIBonhomme \u00e0 lunettesBorn to read \/ Le go\u00fbt de lireCALACS de l\u2019Ouest-de-l\u2019\u00celeCentre D\u2019Action B\u00e9n\u00e9vole Ouest-de-l\u2019\u00celeCIMOICIUSS- Ouest-de-l\u2019\u00celeCODICSMB- \u00c9ducation des [&hellip;]<\/p>\n","protected":false},"author":5,"featured_media":0,"parent":0,"menu_order":19,"comment_status":"closed","ping_status":"closed","template":"","meta":{"_et_pb_use_builder":"on","_et_pb_old_content":"","_et_gb_content_width":"","footnotes":""},"aioseo_notices":[],"_links":{"self":[{"href":"https:\/\/www.famillescloverdale.org\/en\/wp-json\/wp\/v2\/pages\/1940"}],"collection":[{"href":"https:\/\/www.famillescloverdale.org\/en\/wp-json\/wp\/v2\/pages"}],"about":[{"href":"https:\/\/www.famillescloverdale.org\/en\/wp-json\/wp\/v2\/types\/page"}],"author":[{"embeddable":true,"href":"https:\/\/www.famillescloverdale.org\/en\/wp-json\/wp\/v2\/users\/5"}],"replies":[{"embeddable":true,"href":"https:\/\/www.famillescloverdale.org\/en\/wp-json\/wp\/v2\/comments?post=1940"}],"version-history":[{"count":8,"href":"https:\/\/www.famillescloverdale.org\/en\/wp-json\/wp\/v2\/pages\/1940\/revisions"}],"predecessor-version":[{"id":2398,"href":"https:\/\/www.famillescloverdale.org\/en\/wp-json\/wp\/v2\/pages\/1940\/revisions\/2398"}],"wp:attachment":[{"href":"https:\/\/www.famillescloverdale.org\/en\/wp-json\/wp\/v2\/media?parent=1940"}],"curies":[{"name":"wp","href":"https:\/\/api.w.org\/{rel}","templated":true}]}}