{"id":1958,"date":"2018-09-27T15:05:22","date_gmt":"2018-09-27T15:05:22","guid":{"rendered":"http:\/\/clover.phil-lab.ca\/?page_id=1958"},"modified":"2018-11-21T15:28:19","modified_gmt":"2018-11-21T15:28:19","slug":"resources","status":"publish","type":"page","link":"https:\/\/www.famillescloverdale.org\/en\/resources\/","title":{"rendered":"Resources"},"content":{"rendered":"<p>[et_pb_section bb_built=&#8221;1&#8243; _builder_version=&#8221;3.11&#8243; background_image=&#8221;http:\/\/www.famillescloverdale.org\/wp-content\/uploads\/ressources-header.jpg&#8221; bottom_divider_style=&#8221;asymmetric2&#8243; bottom_divider_height=&#8221;60px&#8221; next_background_color=&#8221;#ffffff&#8221;][et_pb_row make_fullwidth=&#8221;on&#8221; _builder_version=&#8221;3.11&#8243;][et_pb_column type=&#8221;1_4&#8243;][\/et_pb_column][et_pb_column type=&#8221;1_2&#8243;][et_pb_text admin_label=&#8221;Resources&#8221; module_class=&#8221;vertical-align&#8221; _builder_version=&#8221;3.17.6&#8243; text_font_size=&#8221;30px&#8221; text_text_shadow_style=&#8221;preset1&#8243; background_layout=&#8221;dark&#8221; custom_css_main_element=&#8221;height:300px;&#8221;]<\/p>\n<h1 style=\"text-align: center;\"><strong>Resources<\/strong><\/h1>\n<p>[\/et_pb_text][\/et_pb_column][et_pb_column type=&#8221;1_4&#8243;][\/et_pb_column][\/et_pb_row][\/et_pb_section][et_pb_section bb_built=&#8221;1&#8243; _builder_version=&#8221;3.0.47&#8243; prev_background_color=&#8221;#000000&#8243;][et_pb_row custom_padding=&#8221;36.8906px|0px|0|0px|false|false&#8221; _builder_version=&#8221;3.0.48&#8243; background_size=&#8221;initial&#8221; background_position=&#8221;top_left&#8221; background_repeat=&#8221;repeat&#8221;][et_pb_column type=&#8221;1_2&#8243;][et_pb_text admin_label=&#8221;Links&#8221; _builder_version=&#8221;3.17.6&#8243;]<\/p>\n<h3><span style=\"color: #84aa4d;\"><strong>Links<\/strong><\/span><\/h3>\n<p>[\/et_pb_text][\/et_pb_column][et_pb_column type=&#8221;1_2&#8243;][\/et_pb_column][\/et_pb_row][et_pb_row custom_padding=&#8221;0|0px|36.8906px|0px|false|false&#8221; _builder_version=&#8221;3.0.48&#8243; background_size=&#8221;initial&#8221; background_position=&#8221;top_left&#8221; background_repeat=&#8221;repeat&#8221;][et_pb_column type=&#8221;1_2&#8243;][et_pb_text admin_label=&#8221;Links&#8221; _builder_version=&#8221;3.17.6&#8243;]<\/p>\n<ul>\n<li><a href=\"http:\/\/ahgcq.org\/\" target=\"_blank\" rel=\"noopener\">Association des haltes-garderies communautaires du Qu\u00e9bec<\/a><\/li>\n<li><a href=\"http:\/\/123gopr.org\/index.html\" target=\"_blank\" rel=\"noopener\">Familles 1, 2, 3 GO!<\/a><\/li>\n<li><a href=\"http:\/\/enfants05.wixsite.com\/grandirensemble\" target=\"_blank\" rel=\"noopener\">Grandir Ensemble<\/a><\/li>\n<li><a href=\"http:\/\/www.tqnoim.org\/index.html\" target=\"_blank\" rel=\"noopener\">Table de quartier du Nord-Ouest-de-l&#8217;\u00cele de Montr\u00e9al<\/a><\/li>\n<li><a href=\"http:\/\/crcinfo.ca\/fr\/\" target=\"_blank\" rel=\"noopener\">Le centre de ressources communautaires de l\u2019Ouest-de-l\u2019\u00cele (CRC)<\/a><\/li>\n<li><a href=\"https:\/\/www.canada.ca\/fr\/services\/prestations\/famille.html\" target=\"_blank\" rel=\"noopener\">Gouvernement du Canada<\/a><\/li>\n<\/ul>\n<p>[\/et_pb_text][\/et_pb_column][et_pb_column type=&#8221;1_2&#8243;][et_pb_text admin_label=&#8221;Links&#8221; _builder_version=&#8221;3.17.6&#8243;]<\/p>\n<ul>\n<li><a href=\"https:\/\/www.concertation-odi.com\/\" target=\"_blank\" rel=\"noopener\">Concertation Ouest-de-l&#8217;\u00efle (CODI)<\/a><\/li>\n<li><a href=\"https:\/\/naitreetgrandir.com\/fr\/\" target=\"_blank\" rel=\"noopener\">Na\u00eetre et grandir<\/a><\/li>\n<li><a href=\"http:\/\/camps.qc.ca\/fr\/parents-et-enfants\/accueil\" target=\"_blank\" rel=\"noopener\">L&#8217;Association des camps du Qu\u00e9bec (ACQ)<\/a><\/li>\n<li><a href=\"https:\/\/www.mfa.gouv.qc.ca\/fr\/Pages\/index.aspx\" target=\"_blank\" rel=\"noopener\">Famille Qu\u00e9bec<\/a><\/li>\n<li><a href=\"http:\/\/www.fafmrq.org\/\" target=\"_blank\" rel=\"noopener\">La F\u00e9d\u00e9ration des associations de familles monoparentales et recompos\u00e9es du Qu\u00e9bec (FAFMRQ)<\/a><\/li>\n<li><a href=\"http:\/\/www.cfc-efc.ca\/\" target=\"_blank\" rel=\"noopener\">CFC EFC<\/a><\/li>\n<li><a href=\"https:\/\/www.cofaq.qc.ca\/a-propos-de-nous\" target=\"_blank\" rel=\"noopener\">Conf\u00e9d\u00e9ration des Organismes Familiaux du Qu\u00e9bec<\/a><\/li>\n<\/ul>\n<p>[\/et_pb_text][\/et_pb_column][\/et_pb_row][\/et_pb_section]<\/p>\n","protected":false},"excerpt":{"rendered":"<p>Resources Links Association des haltes-garderies communautaires du Qu\u00e9becFamilles 1, 2, 3 GO!Grandir EnsembleTable de quartier du Nord-Ouest-de-l&#8217;\u00cele de Montr\u00e9alLe centre de ressources communautaires de l\u2019Ouest-de-l\u2019\u00cele (CRC)Gouvernement du Canada Concertation Ouest-de-l&#8217;\u00efle (CODI)Na\u00eetre et grandirL&#8217;Association des camps du Qu\u00e9bec (ACQ)Famille Qu\u00e9becLa F\u00e9d\u00e9ration des associations de familles monoparentales et recompos\u00e9es du Qu\u00e9bec (FAFMRQ)CFC EFCConf\u00e9d\u00e9ration des Organismes Familiaux du [&hellip;]<\/p>\n","protected":false},"author":5,"featured_media":0,"parent":0,"menu_order":11,"comment_status":"closed","ping_status":"closed","template":"","meta":{"_et_pb_use_builder":"on","_et_pb_old_content":"","_et_gb_content_width":"","footnotes":""},"aioseo_notices":[],"_links":{"self":[{"href":"https:\/\/www.famillescloverdale.org\/en\/wp-json\/wp\/v2\/pages\/1958"}],"collection":[{"href":"https:\/\/www.famillescloverdale.org\/en\/wp-json\/wp\/v2\/pages"}],"about":[{"href":"https:\/\/www.famillescloverdale.org\/en\/wp-json\/wp\/v2\/types\/page"}],"author":[{"embeddable":true,"href":"https:\/\/www.famillescloverdale.org\/en\/wp-json\/wp\/v2\/users\/5"}],"replies":[{"embeddable":true,"href":"https:\/\/www.famillescloverdale.org\/en\/wp-json\/wp\/v2\/comments?post=1958"}],"version-history":[{"count":6,"href":"https:\/\/www.famillescloverdale.org\/en\/wp-json\/wp\/v2\/pages\/1958\/revisions"}],"predecessor-version":[{"id":2392,"href":"https:\/\/www.famillescloverdale.org\/en\/wp-json\/wp\/v2\/pages\/1958\/revisions\/2392"}],"wp:attachment":[{"href":"https:\/\/www.famillescloverdale.org\/en\/wp-json\/wp\/v2\/media?parent=1958"}],"curies":[{"name":"wp","href":"https:\/\/api.w.org\/{rel}","templated":true}]}}